{"id":25,"date":"2026-01-21T15:52:31","date_gmt":"2026-01-21T15:52:31","guid":{"rendered":"https:\/\/autofoto-witten.de\/?page_id=25"},"modified":"2026-01-21T15:52:31","modified_gmt":"2026-01-21T15:52:31","slug":"mediennachweis","status":"publish","type":"page","link":"https:\/\/autofoto-witten.de\/?page_id=25","title":{"rendered":"Mediennachweis"},"content":{"rendered":"\n<h2 class=\"wp-block-heading\" id=\"block-e6776ffb-3d14-495a-aedf-10508cd63172\">Bild-, und Textnachweis<\/h2>\n\n\n\n<p id=\"block-2e9ab424-3ad8-4ef2-8b5d-48ff6b8015aa\"><br>Alle Fotografien und Texte auf dieser Webseite und allen Unterseiten unterliegen dem Urheberrecht von Kristina Bruns.<br>Jegliche Verwendung oder Vervielf\u00e4ltigung nur mit ausdr\u00fccklicher schriftlicher Genehmigung.<\/p>\n\n\n\n<p id=\"block-d987bcde-ab1d-4fdd-bbe4-d6bf25992509\">F\u00fcr die Inhalte verlinkter Seiten, \u00fcbernehmen wir keine Haftung.<\/p>\n\n\n\n<p id=\"block-592ffa2e-483a-4dfa-9891-bf246901a911\">Die Bilder von Ava Paschke, Katharina Imhoff und Selim Mutulu sind KI basiert erstellt worden, da es sich um rein virtuelle Assistenten handelt die im Hintergrund arbeiten.<\/p>\n","protected":false},"excerpt":{"rendered":"<p>Bild-, und Textnachweis Alle Fotografien und Texte auf dieser Webseite und allen Unterseiten unterliegen dem Urheberrecht von Kristina Bruns.Jegliche Verwendung oder Vervielf\u00e4ltigung nur mit ausdr\u00fccklicher schriftlicher Genehmigung. F\u00fcr die Inhalte verlinkter Seiten, \u00fcbernehmen wir keine Haftung. Die Bilder von Ava Paschke, Katharina Imhoff und Selim Mutulu sind KI basiert erstellt worden, da es sich um &hellip; <\/p>\n<p class=\"link-more\"><a href=\"https:\/\/autofoto-witten.de\/?page_id=25\" class=\"more-link\"><span class=\"screen-reader-text\">\u201eMediennachweis\u201c <\/span>weiterlesen<\/a><\/p>\n","protected":false},"author":1,"featured_media":0,"parent":0,"menu_order":0,"comment_status":"closed","ping_status":"closed","template":"","meta":{"footnotes":""},"class_list":["post-25","page","type-page","status-publish","hentry"],"_links":{"self":[{"href":"https:\/\/autofoto-witten.de\/index.php?rest_route=\/wp\/v2\/pages\/25","targetHints":{"allow":["GET"]}}],"collection":[{"href":"https:\/\/autofoto-witten.de\/index.php?rest_route=\/wp\/v2\/pages"}],"about":[{"href":"https:\/\/autofoto-witten.de\/index.php?rest_route=\/wp\/v2\/types\/page"}],"author":[{"embeddable":true,"href":"https:\/\/autofoto-witten.de\/index.php?rest_route=\/wp\/v2\/users\/1"}],"replies":[{"embeddable":true,"href":"https:\/\/autofoto-witten.de\/index.php?rest_route=%2Fwp%2Fv2%2Fcomments&post=25"}],"version-history":[{"count":1,"href":"https:\/\/autofoto-witten.de\/index.php?rest_route=\/wp\/v2\/pages\/25\/revisions"}],"predecessor-version":[{"id":26,"href":"https:\/\/autofoto-witten.de\/index.php?rest_route=\/wp\/v2\/pages\/25\/revisions\/26"}],"wp:attachment":[{"href":"https:\/\/autofoto-witten.de\/index.php?rest_route=%2Fwp%2Fv2%2Fmedia&parent=25"}],"curies":[{"name":"wp","href":"https:\/\/api.w.org\/{rel}","templated":true}]}}