{"id":29,"date":"2026-01-21T15:59:39","date_gmt":"2026-01-21T15:59:39","guid":{"rendered":"https:\/\/autofoto-witten.de\/?page_id=29"},"modified":"2026-01-22T00:36:20","modified_gmt":"2026-01-22T00:36:20","slug":"ueber-uns","status":"publish","type":"page","link":"https:\/\/autofoto-witten.de\/?page_id=29","title":{"rendered":"\u00dcber uns"},"content":{"rendered":"\n<p>Weil ein Fahrzeug mehr ist als Technik.<br>Es ist Leidenschaft, Entscheidung, Geschichte.<br>Manchmal ein Traum, manchmal ein Statement \u2013 oft beides.<br>Wir fotografieren Autos und andere Gef\u00e4hrte, weil wir sie einfach toll finden.<\/p>\n\n\n\n<p>Nicht im Studio. Nicht auf dem Parkplatz.<br>Sondern dort, wo Charakter sichtbar wird.<br>On Location, mit Blick f\u00fcr Linien, Licht und Haltung.<br>Keine Katalogbilder. Keine Beliebigkeit.<br>Nur Fahrzeuge mit Pers\u00f6nlichkeit \u2013 sichtbar gemacht.<\/p>\n\n\n<style id=\"team_free_dynamic_css58\">#sptp-58 .sptp-main-carousel .swiper-button-next{color:#aaaaaa;background-color:transparent;border:1px solid #aaaaaa;}#sptp-58 .sptp-main-carousel .swiper-button-prev{color:#aaaaaa;background-color:transparent;border:1px solid #aaaaaa;}#sptp-58 .sptp-main-carousel .swiper-button-prev:hover{color:#ffffff;background-color:#63a37b;border-color:#63a37b;}#sptp-58 .sptp-main-carousel .swiper-button-next:hover{color:#ffffff;background-color:#63a37b;border-color:#63a37b;}#sptp-58 .swiper-pagination-bullet{background-color:#aaaaaa;}#sptp-58 .swiper-pagination-bullet-active{background-color:#dca939;}#sptp-58 .sptp-main-carousel .sptp-member{margin:0;}#sptp-58 .sptp-member-avatar-img{border:0px solid ;background-color:#FFFFFF;}#sptp-58 .sptp-member-avatar-img:hover{}#sptp-58 .sptp-member-name .sptp-member-name-title{color:#333333;}#sptp-58 .sptp-member-profession .sptp-jop-title{color:#333333;}#sptp-58 .sptp-member-desc{color:#333333;}#sptp-58 .sptp-member-social{text-align:center;}#sptp-58 .sptp-member-social ul{text-align:center;}#sptp-58 .sptp-member-social li{margin: 0 0 4px 0 ;}#sptp-58 .border-bg-around-member:not(.sptp-content-on-image){border:0px solid #ddd;border-radius:0px;background-color:transparent;}#sptp-58 .border-bg-around-member:not(.sptp-content-on-image):hover{border-color:#ccc;}#sptp-58 .sp-team-item .sptp-member{margin:12px 12px;padding:0px 0px 0px 0px;}#sptp-58 .swiper-slide .sptp-member{padding:0px 0px 0px 0px;}#sptp-58 .sptp-list-item.sptp-member,#sptp-58.sptp-section .sptp-member{box-shadow:0px 0px 10px 0px #ECECEC ;}#sptp-58 .sptp-list-item.sptp-member,#sptp-58.sptp-carousel .sptp-member{margin-left:5px ;}#sptp-58 .sptp-list-item.sptp-member:hover,#sptp-58.sptp-section .sptp-member:hover{box-shadow:0px 0px 10px 0px #dddddd ;}@media screen and (max-width: 480px) {'#sptp-' . 58 . ' .sptp_nav_hide_on_mobile,'#sptp-' . 58 . ' .sptp-pagination.sptp_pagination_hide_on_mobile {display: none;}}<\/style><div id=\"sptp-58\"  class=\"sp-team sptp-carousel sptp-section sptp- top_img_bottom_content\">\n\t\t\t<div class=\"swiper-container sptp-main-carousel top-right\" data-carousel='{\n\t\t\t\"speed\": 600,\n\t\t\t\"items\": 3,\n\t\t\t\"spaceBetween\": 24,\n\t\t\t\"autoplay\": true,\n\t\t\t\"autoplay_speed\": 5000,\n\t\t\t\"loop\": true,\n\t\t\t\"freeMode\": false,\n\t\t\t\"autoHeight\": true,\n\t\t\t\"watchOverflow\": true,\n\t\t\t\"lazy\": false,\n\t\t\t\"breakpoints\": {\n\t\t\t\t\"desktop\": 3,\n\t\t\t\t\"laptop\": 3,\n\t\t\t\t\"tablet\": 2,\n\t\t\t\t\"mobile\": 1,\n\t\t\t\t\"desktop_pSlide\": 1,\n\t\t\t\t\"laptop_pSlide\": 1,\n\t\t\t\t\"tablet_pSlide\": 1,\n\t\t\t\t\"mobile_pSlide\": 1\t\t\t},\n\t\t\t\"stop_onhover\": true,\n\t\t\t\"pagination_type\": \"dynamic\",\n\t\t\t\"mouse_wheel\": false,\n\t\t\t\"allowTouchMove\": true,\n\t\t\t\"simulateTouch\": true,\n\t\t\t\"freeMode\": false,\n\t\t\t\"enabled\": true,\n\t\t\t\"prevSlideMessage\": \"Previous slide\",\n\t\t\t\"nextSlideMessage\": \"Next slide\",\n\t\t\t\"firstSlideMessage\": \"This is the first slide\",\n\t\t\t\"lastSlideMessage\": \"This is the last slide\",\n\t\t\t\"paginationBulletMessage\": \"Go to slide {{index}}\"\n\t\t}'>\n\t\t<div class=\"swiper-wrapper top_img_bottom_content\">\n\t\t\t\t\t\t\t<div class=\"swiper-slide\">\n\t\t\t\t\t<div class=\"sptp-member border-bg-around-member\">\n\t<div class='sptp-member-avatar' >\n\t<span class=\"sptp-member-avatar-img sptp-rounded none\">\n\t\t<img loading=\"lazy\" decoding=\"async\" src=\"https:\/\/autofoto-witten.de\/wp-content\/uploads\/2026\/01\/Kris-1-300x300.jpg\" alt=\"Unser Team\" width=\"300\" height=\"300\">\n\t<\/span>\n<\/div>\n<div class=\"sptp-member-name\">\n\t\t<h2 class='sptp-member-name-title'>Kris<\/h2>\n\t<\/div>\n<div class=\"sptp-member-desc\">\n\t\tKris, ist nicht nur Inhaberin von Autofoto Witten sondern auch die Fotografin, welche f\u00fcr Dich Deinen fahrbaren, schwimmenden oder fliegenden Untersatz fotografiert. Immer in der leisen Hoffnung, mal die beste Zeitmaschiene der Welt vor die Linse zu bekommen.<\/div>\n<\/div><!-- .sptp-member -->\n\t\t\t\t<\/div>\n\t\t\t\t\t\t\t<div class=\"swiper-slide\">\n\t\t\t\t\t<div class=\"sptp-member border-bg-around-member\">\n\t<div class='sptp-member-avatar' >\n\t<span class=\"sptp-member-avatar-img sptp-rounded none\">\n\t\t<img loading=\"lazy\" decoding=\"async\" src=\"https:\/\/autofoto-witten.de\/wp-content\/uploads\/2026\/01\/Sasha-300x300.jpg\" alt=\"Unser Team\" width=\"300\" height=\"300\">\n\t<\/span>\n<\/div>\n<div class=\"sptp-member-name\">\n\t\t<h2 class='sptp-member-name-title'>Sasha<\/h2>\n\t<\/div>\n<div class=\"sptp-member-desc\">\n\t\tSasha, koordiniert unsere Termine und k\u00fcmmert sich um den Bereich Social Media. Sie sorgt daf\u00fcr, dass wir tolle Beitr\u00e4ge zu Terminen online stellen und zeigen, was wir so drauf haben.<\/div>\n<\/div><!-- .sptp-member -->\n\t\t\t\t<\/div>\n\t\t\t\t\t\t\t<div class=\"swiper-slide\">\n\t\t\t\t\t<div class=\"sptp-member border-bg-around-member\">\n\t<div class='sptp-member-avatar' >\n\t<span class=\"sptp-member-avatar-img sptp-rounded none\">\n\t\t<img loading=\"lazy\" decoding=\"async\" src=\"https:\/\/autofoto-witten.de\/wp-content\/uploads\/2026\/01\/Andy-300x300.jpg\" alt=\"Unser Team\" width=\"300\" height=\"300\">\n\t<\/span>\n<\/div>\n<div class=\"sptp-member-name\">\n\t\t<h2 class='sptp-member-name-title'>Andy<\/h2>\n\t<\/div>\n<div class=\"sptp-member-desc\">\n\t\tAndy, Autonarr und f\u00fcr die Bildbearbeitung und die Abwicklung mit unserem Fotolabor und den Druckereien zust\u00e4ndig. Er l\u00e4sst Dein Gef\u00e4hrt bestens aussehen und gibt ihm nicht nur digital den letzen Feinschliff - sondern sorgt auch f\u00fcr hochwertige Druckprodukte und Bildqualit\u00e4t.<\/div>\n<\/div><!-- .sptp-member -->\n\t\t\t\t<\/div>\n\t\t\t\t\t<\/div>\n\t\t\t\t\t<\/div>\n<\/div>\n\n\n\n\n<p><\/p>\n","protected":false},"excerpt":{"rendered":"<p>Weil ein Fahrzeug mehr ist als Technik.Es ist Leidenschaft, Entscheidung, Geschichte.Manchmal ein Traum, manchmal ein Statement \u2013 oft beides.Wir fotografieren Autos und andere Gef\u00e4hrte, weil wir sie einfach toll finden. Nicht im Studio. Nicht auf dem Parkplatz.Sondern dort, wo Charakter sichtbar wird.On Location, mit Blick f\u00fcr Linien, Licht und Haltung.Keine Katalogbilder. Keine Beliebigkeit.Nur Fahrzeuge mit &hellip; <\/p>\n<p class=\"link-more\"><a href=\"https:\/\/autofoto-witten.de\/?page_id=29\" class=\"more-link\"><span class=\"screen-reader-text\">\u201e\u00dcber uns\u201c <\/span>weiterlesen<\/a><\/p>\n","protected":false},"author":1,"featured_media":77,"parent":0,"menu_order":0,"comment_status":"closed","ping_status":"closed","template":"","meta":{"footnotes":""},"class_list":["post-29","page","type-page","status-publish","has-post-thumbnail","hentry"],"_links":{"self":[{"href":"https:\/\/autofoto-witten.de\/index.php?rest_route=\/wp\/v2\/pages\/29","targetHints":{"allow":["GET"]}}],"collection":[{"href":"https:\/\/autofoto-witten.de\/index.php?rest_route=\/wp\/v2\/pages"}],"about":[{"href":"https:\/\/autofoto-witten.de\/index.php?rest_route=\/wp\/v2\/types\/page"}],"author":[{"embeddable":true,"href":"https:\/\/autofoto-witten.de\/index.php?rest_route=\/wp\/v2\/users\/1"}],"replies":[{"embeddable":true,"href":"https:\/\/autofoto-witten.de\/index.php?rest_route=%2Fwp%2Fv2%2Fcomments&post=29"}],"version-history":[{"count":2,"href":"https:\/\/autofoto-witten.de\/index.php?rest_route=\/wp\/v2\/pages\/29\/revisions"}],"predecessor-version":[{"id":66,"href":"https:\/\/autofoto-witten.de\/index.php?rest_route=\/wp\/v2\/pages\/29\/revisions\/66"}],"wp:featuredmedia":[{"embeddable":true,"href":"https:\/\/autofoto-witten.de\/index.php?rest_route=\/wp\/v2\/media\/77"}],"wp:attachment":[{"href":"https:\/\/autofoto-witten.de\/index.php?rest_route=%2Fwp%2Fv2%2Fmedia&parent=29"}],"curies":[{"name":"wp","href":"https:\/\/api.w.org\/{rel}","templated":true}]}}